{"id":363,"date":"2019-11-28T16:49:36","date_gmt":"2019-11-28T15:49:36","guid":{"rendered":"http:\/\/fsgt74.org\/handball\/?page_id=363"},"modified":"2020-01-20T14:06:05","modified_gmt":"2020-01-20T13:06:05","slug":"informations","status":"publish","type":"page","link":"https:\/\/fsgt74.org\/handball\/informations\/","title":{"rendered":"R\u00e8glement"},"content":{"rendered":"\n<p class=\"has-text-align-center\"><strong><em>R\u00c8GLEMENT DU CHAMPIONNAT HANDBALL F.S.G.T.  <\/em><\/strong><\/p>\n\n\n\n<p><strong>ARTICLE 1 <\/strong><\/p>\n\n\n\n<p>La commission HANDBALL organise annuellement un championnat ouvert \u00e0 tous les clubs (Entreprises et Locaux) affili\u00e9s \u00e0 la F.S.G.T. <\/p>\n\n\n\n<p><strong>Il est ouvert \u00e0 toute \u00e9quipe qui n&rsquo;est pas engag\u00e9 en F.F.H.B. <\/strong><\/p>\n\n\n\n<p><strong>ARTICLE 2 <\/strong><\/p>\n\n\n\n<p>Tout club peut engager autant d&rsquo;\u00e9quipes qu&rsquo;il le d\u00e9sire ; les droits d&rsquo;engagement \u00e9tant per\u00e7us pour chacune d&rsquo;elles sur la base du pr\u00e9sent r\u00e8glement. Dans ce cas, le Club est tenu de pr\u00e9ciser le nom des \u00e9quipes de fa\u00e7on \u00e0 permettre une diff\u00e9renciation. <strong>De plus, lors d&rsquo;une m\u00eame journ\u00e9e, aucun joueur engag\u00e9 sur la premi\u00e8re feuille de match par une des \u00e9quipes ne peut, pour quelque raison que ce soit, participer \u00e0 une rencontre avec l&rsquo;une des autres \u00e9quipes engag\u00e9es du Club. La liste des Clubs ayant l&rsquo;engagement de plusieurs \u00e9quipes est communiqu\u00e9e \u00e0 tous les autres Clubs. <\/strong><\/p>\n\n\n\n<p> <strong>ARTICLE 3 <\/strong><\/p>\n\n\n\n<p>Les Clubs doivent faire parvenir leurs feuilles d&rsquo;engagement pr\u00e9vues \u00e0 cet effet, ainsi que les droits d&rsquo;engagement fix\u00e9s en d\u00e9but de saison, au : <\/p>\n\n\n\n<p><strong>COMITE FSGT HAUTE SAVOIE <\/strong>\n<strong>Centre Commercial des Teppes <\/strong>\n<strong>Place des Rhododendrons<\/strong>\n<strong>74000 ANNECY. <\/strong><\/p>\n\n\n\n<p>La Commission Handball se r\u00e9serve le droit de refuser les engagements des Clubs ne nous ayant pas fait parvenir dans les d\u00e9lais demand\u00e9s, la feuille et les droits d&rsquo;engagements \u00e0 cette comp\u00e9tition. La commission peut refuser l&rsquo;engagement et la participation au championnat de tout Club ne se trouvant pas en r\u00e8gle avec la F.S.G.T. et dont l&rsquo;affiliation ne serait pas \u00e9tablie dans les d\u00e9lais prescrits. <\/p>\n\n\n\n<p> <strong>ARTICLE 4 <\/strong><\/p>\n\n\n\n<p>Le championnat se d\u00e9roulera par match aller et retour sous la responsabilit\u00e9 de la Commission Handball. Les appels seront jug\u00e9s par les organismes habilit\u00e9s suivant les r\u00e8glements g\u00e9n\u00e9raux de la F\u00e9d\u00e9ration. <\/p>\n\n\n\n<p><strong> ARTICLE 5<\/strong> <\/p>\n\n\n\n<div class=\"wp-block-group\"><div class=\"wp-block-group__inner-container is-layout-flow wp-block-group-is-layout-flow\">\n<p>Le championnat se d\u00e9roulera suivant les r\u00e8gles techniques en vigueur \u00e0 la F.F.H.B. La F.S.G.T. se r\u00e9servant cependant le droit d&rsquo;adapter en fonction de ses buts \u00e9ducatifs.  <\/p>\n\n\n\n<p>F\u00e9d\u00e9ration Sportive &amp; Gymnique du Travail <\/p>\n\n\n\n<p><strong>Comit\u00e9 D\u00e9partemental Haute-Savoie <\/strong>                                                                      Place des Rhododendrons                                                                                            74000 Annecy                                                                                                                                          www.fsgt74.org<\/p>\n\n\n\n<p><strong>ARTICLE 6 <\/strong><\/p>\n<\/div><\/div>\n\n\n\n<p>Les joueurs devront obligatoirement porter des maillots num\u00e9rot\u00e9s.  <\/p>\n\n\n\n<p><strong>ARTICLE 7<\/strong> <\/p>\n\n\n\n<p>L\u2019ordre des rencontres se d\u00e9terminent lors des r\u00e9unions qui se tiennent deux fois la saison (Septembre et Janvier). <\/p>\n\n\n\n<p><strong>ARTICLE 8<\/strong> <\/p>\n\n\n\n<p>Les matchs devront commencer \u00e0 l&rsquo;heure indiqu\u00e9e par la Commission pour la comp\u00e9tition propre, aucun d\u00e9lai d&rsquo;horaire n&rsquo;\u00e9tant accord\u00e9, sauf accord de la Commission Handball. <\/p>\n\n\n\n<p><strong>ARTICLE 9 <\/strong><\/p>\n\n\n\n<p>Pour prendre part aux matchs, les joueurs doivent \u00eatre r\u00e9guli\u00e8rement licenci\u00e9s au Club et qualifi\u00e9s, conform\u00e9ment aux r\u00e8glements statuts g\u00e9n\u00e9raux de la F.S.G.T. Aucun joueur ne pourra participer \u00e0 la comp\u00e9tition s&rsquo;il ne peut justifier son adh\u00e9sion \u00e0 la F.S.G.T. (licence ou autre document le prouvant). Toute licence doit contenir la photo du joueur, \u00eatre accompagn\u00e9e d&rsquo;une assurance et d&rsquo;un certificat de la M\u00e9decine Sportive.<\/p>\n\n\n\n<p> <strong>ARTICLE 10 <\/strong><\/p>\n\n\n\n<p>Le nombre de joueurs port\u00e9s sur la feuille de match est illimit\u00e9. <\/p>\n\n\n\n<p>  <strong>ARTICLE 11 <\/strong><\/p>\n\n\n\n<p>Un joueur mut\u00e9 au cours de la comp\u00e9tition ne pourra avoir jou\u00e9 avec le Club quitt\u00e9 et participer \u00e0 un autre match du championnat avec son nouveau Club, sans accord de la Commission Handball. <\/p>\n\n\n\n<p> <strong>ARTICLE 12 <\/strong><\/p>\n\n\n\n<p>Toutes falsifications, fraudes ou tricheries entra\u00eenerons l&rsquo;exclusion de la comp\u00e9tition du Club fautif, ind\u00e9pendamment des sanctions prises \u00e0 l&rsquo;encontre des joueurs, capitaines et dirigeants. Par ailleurs, et ce, \u00e0 tout moment de l&rsquo;\u00e9preuve, la Commission Handball peut user de son droit d&rsquo;\u00e9vocation pour proc\u00e9der \u00e0 une enqu\u00eate et sanctionner toute \u00e9quipe pour laquelle preuve serait apport\u00e9e d&rsquo;irr\u00e9gularit\u00e9s, fraudes ou tricheries, d\u00e8s que les \u00e9l\u00e9ments sont port\u00e9s \u00e0 sa connaissance, m\u00eame si en la mati\u00e8re, aucune r\u00e9clamation n&rsquo;a \u00e9t\u00e9 d\u00e9pos\u00e9e.  <br>  <br> <strong>ARTICLE 13 <\/strong><\/p>\n\n\n\n<p>Chaque Club doit fournir un arbitre minimum pour la saison. Les arbitres doivent \u00eatre licenci\u00e9s \u00e0 la F.S.G.T. Les clubs qui ne fournissent pas d\u2019arbitres s\u2019engagent \u00e0 former des arbitres durant la saison en cours. Chaque rencontre doit \u00eatre assur\u00e9 par l&rsquo;arbitre ou les arbitres d\u00e9sign\u00e9s par la Commission Handball. <\/p>\n\n\n\n<p><strong>ARTICLE 14 <\/strong><\/p>\n\n\n\n<p>La dur\u00e9e du match est de une heure, partag\u00e9e en 2 p\u00e9riodes de 30 minutes avec un repos de 10 minutes. <\/p>\n\n\n\n<p> <strong>ARTICLE 15<\/strong> <\/p>\n\n\n\n<p>L&rsquo;\u00e9quipe vainqueur est celle qui marquera le plus grand nombre de buts. <\/p>\n\n\n\n<p><strong> ARTICLE 16<\/strong> <\/p>\n\n\n\n<p>Un Club d\u00e9clarant forfait doit en aviser son adversaire et l&rsquo;arbitre 72 heures au moins avant la date du match. Tout Club n&rsquo;\u00e9tant pas pr\u00e9sent \u00e0 l&rsquo;heure et \u00e0 la date fix\u00e9e de la rencontre (15 minutes de battement) sera d\u00e9clar\u00e9 forfait. Toutefois, si un Club est dans l&rsquo;impossibilit\u00e9 (cas de force majeure) de respecter les conditions ci-dessus mentionn\u00e9es, il appartiendra \u00e0 la Commission Handball de statuer. <\/p>\n\n\n\n<p><strong>ARTICLE 17<\/strong> <\/p>\n\n\n\n<p>Toute \u00e9quipe abandonnant la partie aura perdu par p\u00e9nalit\u00e9 et perdra tout droit. Sur la feuille de match le r\u00e9sultat sera de 15 buts \u00e0 0, et de 0 point pour le calcul du classement. <\/p>\n\n\n\n<p> <strong>ARTICLE 18 <\/strong><\/p>\n\n\n\n<p>La feuille de match doit \u00eatre remplie avant le d\u00e9but de la rencontre des informations suivantes : Nom, Pr\u00e9nom, N\u00b0 de maillot, N\u00b0 de licence de chaque joueur ainsi que le nom du capitaine et les noms des arbitres. A la fin de la rencontre, les arbitres devront indiquer le score et la note du fair-play ainsi que les observations. Les feuilles de matchs sont \u00e0 envoyer par num\u00e9risation sur le Whatsapp cr\u00e9\u00e9 \u00e0 cet effet sous le titre : responsables de club FSGT dans un premier temps, ensuite directement sur le site.<\/p>\n\n\n\n<p> <strong>ARTICLE 19 <\/strong><\/p>\n\n\n\n<p>Pour \u00eatre recevable dans la forme, toutes r\u00e9serves ou r\u00e9clamations doivent :<\/p>\n\n\n\n<p> 1\u00b0 &#8211; \u00eatre confirm\u00e9es dans les 48 heures suivant le match aupr\u00e8s du Comit\u00e9. <\/p>\n\n\n\n<p>2\u00b0 &#8211; \u00eatre appuy\u00e9es d&rsquo;un droit de 15 euros. Ces rapports seront jug\u00e9s conform\u00e9ment aux Statuts et R\u00e8glements G\u00e9n\u00e9raux de la F\u00e9d\u00e9ration. <\/p>\n\n\n\n<p>3\u00b0 &#8211; Dans le cas o\u00f9 la r\u00e9clamation aurait gain de cause,  a) le droit de 15 euros sera rembours\u00e9,  b) au cas o\u00f9 la r\u00e9clamation entra\u00eenerait la sanction d&rsquo;un Club, celui-ci supporterait l&rsquo;imputation de 15 euros. <\/p>\n\n\n\n<p><strong>ARTICLE 20 <\/strong><\/p>\n\n\n\n<p>Conform\u00e9ment aux Statuts et R\u00e8glements G\u00e9n\u00e9raux de la F\u00e9d\u00e9ration, l&rsquo;appel devra \u00eatre adress\u00e9 par lettre recommand\u00e9 avec accus\u00e9 de r\u00e9ception dans les 72 heures franches qui suivront la notification de ladite d\u00e9cision et accompagn\u00e9 de la somme de 22 euros \u00e0 la Commission. Les d\u00e9cisions sur appel sont notifi\u00e9es aux int\u00e9ress\u00e9s par lettre. Dans le cas o\u00f9 la r\u00e9clamation  aurait gain de cause : a) le droit de 22 euros lui sera rembours\u00e9, b) au cas o\u00f9 la r\u00e9clamation entra\u00eenerait la sanction d&rsquo;un Club, celui-ci supporterait l&rsquo;imputation de 15 euros. <\/p>\n\n\n\n<p>  <strong>ARTICLE 21 <\/strong><\/p>\n\n\n\n<p>L&rsquo;engagement du Club implique son acceptation du r\u00e8glement. <\/p>\n\n\n\n<p><strong>ARTICLE 22<\/strong> <\/p>\n\n\n\n<p>La Commission Handball statuera sur les cas non pr\u00e9vus au pr\u00e9sent r\u00e8glement, conform\u00e9ment aux Statuts et R\u00e8glements G\u00e9n\u00e9raux de la F.S.G.T. <\/p>\n\n\n\n<p> <strong>ARTICLE 23<\/strong> <\/p>\n\n\n\n<p>Les indemnit\u00e9s d&rsquo;arbitrage seront d\u00e9cid\u00e9es \u00e0 l\u2019Assembl\u00e9e G\u00e9n\u00e9rale de Septembre.  <\/p>\n\n\n\n<p>Les arbitres doivent \u00eatre indemnis\u00e9s avant le coup d&rsquo;envoi. <\/p>\n\n\n\n<p>L&rsquo;engagement du Club dans le championnat implique son acceptation du r\u00e8glement financier. <\/p>\n\n\n\n<p>La Commission Handball statuera sur les cas non pr\u00e9vus au pr\u00e9sent r\u00e8glement, et sur l&rsquo;interpr\u00e9tation \u00e9ventuelle du pr\u00e9sent r\u00e8glement financier. <\/p>\n","protected":false},"excerpt":{"rendered":"<p>R\u00c8GLEMENT DU CHAMPIONNAT HANDBALL F.S.G.T. ARTICLE 1 La commission HANDBALL organise annuellement un championnat ouvert&#8230;<\/p>\n","protected":false},"author":22,"featured_media":0,"parent":0,"menu_order":0,"comment_status":"open","ping_status":"closed","template":"","meta":{"footnotes":""},"_links":{"self":[{"href":"https:\/\/fsgt74.org\/handball\/wp-json\/wp\/v2\/pages\/363"}],"collection":[{"href":"https:\/\/fsgt74.org\/handball\/wp-json\/wp\/v2\/pages"}],"about":[{"href":"https:\/\/fsgt74.org\/handball\/wp-json\/wp\/v2\/types\/page"}],"author":[{"embeddable":true,"href":"https:\/\/fsgt74.org\/handball\/wp-json\/wp\/v2\/users\/22"}],"replies":[{"embeddable":true,"href":"https:\/\/fsgt74.org\/handball\/wp-json\/wp\/v2\/comments?post=363"}],"version-history":[{"count":6,"href":"https:\/\/fsgt74.org\/handball\/wp-json\/wp\/v2\/pages\/363\/revisions"}],"predecessor-version":[{"id":440,"href":"https:\/\/fsgt74.org\/handball\/wp-json\/wp\/v2\/pages\/363\/revisions\/440"}],"wp:attachment":[{"href":"https:\/\/fsgt74.org\/handball\/wp-json\/wp\/v2\/media?parent=363"}],"curies":[{"name":"wp","href":"https:\/\/api.w.org\/{rel}","templated":true}]}}