{"id":1425,"date":"2021-10-04T18:00:00","date_gmt":"2021-10-04T16:00:00","guid":{"rendered":"http:\/\/fsgt74.org\/volleyball\/?page_id=1425"},"modified":"2023-09-27T13:02:17","modified_gmt":"2023-09-27T11:02:17","slug":"inscription-tournois-6x6","status":"publish","type":"page","link":"https:\/\/fsgt74.org\/volleyball\/inscription-tournois-6x6\/","title":{"rendered":"Inscription soir\u00e9e 6&#215;6"},"content":{"rendered":"\n<p>Voici le formulaire pour l&rsquo;inscription au tournoi 6&#215;6 de la semaine 42. <\/p>\n\n\n\n<p>Du 16 au 20 octobre 2023 -> <strong>Date limite de Validation (11\/10\/2023)<\/strong><\/p>\n\n\n\n<p>L&rsquo;id\u00e9e est de faire une journ\u00e9e dans la semaine ( d\u00e9pends des gymnases &#8211; merci de proposer vos gymnases &#8211; 2 trav\u00e9es minimum)  la formule d\u00e9pendra du nombre d&rsquo;\u00e9quipes par niveau et du nombre de gymnase. Mais l&rsquo;id\u00e9e est de rassembler au minimum 6 \u00e9quipes par site. <\/p>\n\n\n\n\n","protected":false},"excerpt":{"rendered":"<p>Voici le formulaire pour l&rsquo;inscription au tournoi 6&#215;6 de la semaine 42. Du 16 au&#8230;<\/p>\n","protected":false},"author":1,"featured_media":0,"parent":0,"menu_order":0,"comment_status":"closed","ping_status":"closed","template":"","meta":{"footnotes":""},"_links":{"self":[{"href":"https:\/\/fsgt74.org\/volleyball\/wp-json\/wp\/v2\/pages\/1425"}],"collection":[{"href":"https:\/\/fsgt74.org\/volleyball\/wp-json\/wp\/v2\/pages"}],"about":[{"href":"https:\/\/fsgt74.org\/volleyball\/wp-json\/wp\/v2\/types\/page"}],"author":[{"embeddable":true,"href":"https:\/\/fsgt74.org\/volleyball\/wp-json\/wp\/v2\/users\/1"}],"replies":[{"embeddable":true,"href":"https:\/\/fsgt74.org\/volleyball\/wp-json\/wp\/v2\/comments?post=1425"}],"version-history":[{"count":11,"href":"https:\/\/fsgt74.org\/volleyball\/wp-json\/wp\/v2\/pages\/1425\/revisions"}],"predecessor-version":[{"id":3300,"href":"https:\/\/fsgt74.org\/volleyball\/wp-json\/wp\/v2\/pages\/1425\/revisions\/3300"}],"wp:attachment":[{"href":"https:\/\/fsgt74.org\/volleyball\/wp-json\/wp\/v2\/media?parent=1425"}],"curies":[{"name":"wp","href":"https:\/\/api.w.org\/{rel}","templated":true}]}}