{"id":4315,"date":"2024-04-16T13:14:00","date_gmt":"2024-04-16T11:14:00","guid":{"rendered":"http:\/\/fsgt74.org\/volleyball\/?page_id=4315"},"modified":"2024-04-29T15:26:21","modified_gmt":"2024-04-29T13:26:21","slug":"inscription-4x4-juin-2024","status":"publish","type":"page","link":"https:\/\/fsgt74.org\/volleyball\/inscription-4x4-juin-2024\/","title":{"rendered":"Inscription 4&#215;4 &#8211; Juin 2024"},"content":{"rendered":"\n<p>Vous l\u2019attendez tous\u2026 le retour de la coupe 4&#215;4 !<\/p>\n\n\n\n<p>Pour rappel pour les nouveaux et m\u00eame pour les anciens de ce qu\u2019est la coupe 4&#215;4 :<\/p>\n\n\n\n<ul>\n<li>3 soir\u00e9es<\/li>\n\n\n\n<li>3 poules (Primavera (F\u00e9minine &#8211; Master (Mixte non obligatoire) &#8211; Challenge (comme Master)<\/li>\n\n\n\n<li>4 vs 4 ( donc r\u00e8gle du 4&#215;4.)<\/li>\n\n\n\n<li>un banquet o\u00f9 tout le monde apporte de quoi se restaurer !<\/li>\n<\/ul>\n\n\n\n<p>Cela se d\u00e9roulera les semaines :<\/p>\n\n\n\n<ol>\n<li>Semaine 23 : 03\/06\/2024 -> 07\/06\/2024 : 1 soir\u00e9e 4&#215;4 Brassage niveau 1.<\/li>\n\n\n\n<li>Semaine 24 : 10\/06\/2024 -> 14\/06\/2024 : 1 soir\u00e9e 4&#215;4 Brassage niveau 2<\/li>\n\n\n\n<li>Semaine 25 : 17\/06\/2024 -> 21\/06\/2024 : 1 soir\u00e9e 4&#215;4 Classement.<\/li>\n<\/ol>\n\n\n\n<p class=\"has-small-font-size\">Note : La Primavera se fera peut-\u00eater sous un format diff\u00e9rent. Cela sera d\u00e9finit le 21\/05\/2024 avec les responsables de la primavera.<\/p>\n\n\n\n<p>et remise des r\u00e9compenses <strong>\u00e0 l&rsquo;AG de la FSGT 74 &#8211; le 28 juin 2024 <\/strong>! <\/p>\n\n\n\n<p>Chaque \u00e9quipe doit inscrire les noms des joueurs\/joueuses et d\u00e9clarer le niveau dans lequel l\u2019\u00e9quipe a jou\u00e9 durant cette saison afin de faire une r\u00e9partition coh\u00e9rente dans les diff\u00e9rentes poules.<\/p>\n\n\n\n<p>Les poules :<\/p>\n\n\n\n<ul>\n<li>Primavera : F\u00e9minine\u00a0<\/li>\n\n\n\n<li>Master : Excellence, Promotion d\u2019Excellence, Moiti\u00e9 haute des Honneur Elite.<\/li>\n\n\n\n<li>Challenge : Moiti\u00e9 basse des Honneur Elite, Honneur, Promotion d\u2019Honneur.<\/li>\n<\/ul>\n\n\n\n<p>Pour les inscriptions c\u2019est \u00e0 la fin de ce texte super important \ud83d\ude42<\/p>\n\n\n\n<p>Date limite d\u2019inscription :<strong> 19\/05\/2024 <\/strong><\/p>\n\n\n\n<p>Le co\u00fbt par \u00e9quipe est de <strong>10\u20ac<\/strong> \u00e0 r\u00e9gler avant le <strong>31\/05\/2024<\/strong>.<\/p>\n\n\n\n<p>Merci de nous indiquer les dates de vos gymnases avec le nombre de trav\u00e9es qui sont disponibles. Les indiquer avec l\u2019\u00e9quipe qui g\u00e8rerait le gymnase. (cf le formulaire juste en dessous)<\/p>\n\n\n\n<p>Voil\u00e0 pour cette coupe 4&#215;4 dont l\u2019objectif est de pouvoir se d\u00e9fouler en cette fin de saison !<\/p>\n\n\n\n\n","protected":false},"excerpt":{"rendered":"<p>Vous l\u2019attendez tous\u2026 le retour de la coupe 4&#215;4 ! Pour rappel pour les nouveaux&#8230;<\/p>\n","protected":false},"author":1,"featured_media":0,"parent":0,"menu_order":0,"comment_status":"closed","ping_status":"closed","template":"","meta":{"footnotes":""},"_links":{"self":[{"href":"https:\/\/fsgt74.org\/volleyball\/wp-json\/wp\/v2\/pages\/4315"}],"collection":[{"href":"https:\/\/fsgt74.org\/volleyball\/wp-json\/wp\/v2\/pages"}],"about":[{"href":"https:\/\/fsgt74.org\/volleyball\/wp-json\/wp\/v2\/types\/page"}],"author":[{"embeddable":true,"href":"https:\/\/fsgt74.org\/volleyball\/wp-json\/wp\/v2\/users\/1"}],"replies":[{"embeddable":true,"href":"https:\/\/fsgt74.org\/volleyball\/wp-json\/wp\/v2\/comments?post=4315"}],"version-history":[{"count":7,"href":"https:\/\/fsgt74.org\/volleyball\/wp-json\/wp\/v2\/pages\/4315\/revisions"}],"predecessor-version":[{"id":4347,"href":"https:\/\/fsgt74.org\/volleyball\/wp-json\/wp\/v2\/pages\/4315\/revisions\/4347"}],"wp:attachment":[{"href":"https:\/\/fsgt74.org\/volleyball\/wp-json\/wp\/v2\/media?parent=4315"}],"curies":[{"name":"wp","href":"https:\/\/api.w.org\/{rel}","templated":true}]}}